{"id":116,"date":"2019-08-21T18:15:15","date_gmt":"2019-08-21T16:15:15","guid":{"rendered":"https:\/\/altenpfleger-heide.de\/?page_id=116"},"modified":"2020-02-25T17:22:58","modified_gmt":"2020-02-25T16:22:58","slug":"impressum","status":"publish","type":"page","link":"https:\/\/altenpfleger-heide.de\/index.php\/impressum\/","title":{"rendered":"Impressum"},"content":{"rendered":"<div style='padding-bottom:10px; ' class='av-special-heading av-special-heading-h1  blockquote modern-quote modern-centered  avia-builder-el-0  el_before_av_hr  avia-builder-el-first  Informationen Informationspficht gem\u00e4\u00df Telemediengesetz \u00a75 TMG und Rundfunkstaatsvertrag \u00a755 RStV '><h1 class='av-special-heading-tag '  itemprop=\"headline\"  >Impressum<\/h1><div class ='av-subheading av-subheading_below  ' style='font-size:15px;'><p>Informationen Informationspficht gem\u00e4\u00df Telemediengesetz \u00a75 TMG und Rundfunkstaatsvertrag \u00a755 RStV<\/p>\n<\/div><div class='special-heading-border'><div class='special-heading-inner-border' ><\/div><\/div><\/div>\n<div style='height:50px' class='hr hr-invisible   avia-builder-el-1  el_after_av_heading  el_before_av_one_half  '><span class='hr-inner ' ><span class='hr-inner-style'><\/span><\/span><\/div>\n<div class=\"flex_column av_one_half  flex_column_div av-zero-column-padding first  avia-builder-el-2  el_after_av_hr  el_before_av_one_half  \" style='border-radius:0px; '><section class=\"av_textblock_section \"  itemscope=\"itemscope\" itemtype=\"https:\/\/schema.org\/CreativeWork\" ><div class='avia_textblock  '   itemprop=\"text\" ><h4 style=\"text-align: center;\">Herausgeber dieser Internetseiten ist:<\/h4>\n<p style=\"text-align: center;\">Diakonische Altenhilfe Schneverdingen gGmbH<br \/>\nNordstr. 12-14<br \/>\n29640 Schneverdingen<\/p>\n<p style=\"text-align: center;\">Telefon:\u00a0+49\u2006(0)\u200651\u200693\u2006|\u200681 0<br \/>\nTelefax:\u00a0+49\u2006(0)\u200651\u200693\u2006|\u200681 333<br \/>\nE-Mail:\u00a0<a class=\"mail\" href=\"mailto:kontakt@der-tannenhof.de\">kontakt@der-tannenhof.de<\/a><\/p>\n<p style=\"text-align: center;\">Programmierung und Umsetzung:\u00a0<a href=\"http:\/\/www.graphixstudios.de\/\" target=\"_blank\" rel=\"noopener noreferrer\">graphixstudios<\/a><\/p>\n<\/div><\/section><\/div><div class=\"flex_column av_one_half  flex_column_div av-zero-column-padding   avia-builder-el-4  el_after_av_one_half  el_before_av_hr  \" style='border-radius:0px; '><section class=\"av_textblock_section \"  itemscope=\"itemscope\" itemtype=\"https:\/\/schema.org\/CreativeWork\" ><div class='avia_textblock  '   itemprop=\"text\" ><h4 style=\"text-align: center;\">Datenschutzbeauftragter im Haus:<\/h4>\n<p style=\"text-align: center;\">Verantwortlicher f\u00fcr die Beratung und Umsetzung des Datenschutz- &#038; Compliance-Management:<br \/>\nThilo Schlesier<\/p>\n<p style=\"text-align: center;\"><strong>Fotos:<\/strong><\/p>\n<p style=\"text-align: center;\">graphixstudios, Fotolia, Privat<\/p>\n<\/div><\/section><\/div><div style='height:50px' class='hr hr-invisible   avia-builder-el-6  el_after_av_one_half  el_before_av_textblock  '><span class='hr-inner ' ><span class='hr-inner-style'><\/span><\/span><\/div><\/p>\n<section class=\"av_textblock_section \"  itemscope=\"itemscope\" itemtype=\"https:\/\/schema.org\/CreativeWork\" ><div class='avia_textblock  '   itemprop=\"text\" ><h3 style=\"text-align: center;\">Rechtliche Hinweise<\/h3>\n<p style=\"text-align: center;\">Die Diakoniestation\u00a0Schneverdingen stellt diese Website unter folgenden Nutzungsbedingungen zur Verf\u00fcgung: Durch die Benutzung dieser Website erkl\u00e4ren Sie Ihre Zustimmung zu den nachfolgenden Nutzungsbedingungen. Die Diakoniestation Schneverdingen\u00a0beh\u00e4lt sich das Recht vor, diese Nutzungsbedingungen ohne vorherige Ank\u00fcndigung zu \u00e4ndern. Durch die weitere Nutzung im Anschluss an eine \u00c4nderung erkl\u00e4ren Sie Ihre Zustimmung zu diesen \u00c4nderungen.<\/p>\n<\/div><\/section>\n<div class=\"flex_column av_one_half  flex_column_div av-zero-column-padding first  avia-builder-el-8  el_after_av_textblock  el_before_av_one_half  column-top-margin\" style='border-radius:0px; '><section class=\"av_textblock_section \"  itemscope=\"itemscope\" itemtype=\"https:\/\/schema.org\/CreativeWork\" ><div class='avia_textblock  '   itemprop=\"text\" ><h3>\u00a71. Nutzung<\/h3>\n<p>Bei der Nutzung dieser Website erkl\u00e4ren Sie, anwendbares Recht und allgemeine Etiquette zu beachten. Eine Nutzung dieser Website oder der hier zur Verf\u00fcgung gestellten Materialien zu anderen als den hier ausdr\u00fccklich erw\u00e4hnten Zwecken ist nicht zul\u00e4ssig.<\/p>\n<h3>\u00a72. Copyright<\/h3>\n<p>Diese Website und alle dazugeh\u00f6rigen Texte, Grafiken oder andere Materialien sind urheberrechtlich gesch\u00fctzt. Jegliche Verwendung zu anderen als den im Urheberrecht gesetzlich zugelassenen Zwecken ohne vorherige schriftliche Zustimmung durch die\u00a0Diakoniestation\u00a0Schneverdingen\u00a0ist nicht gestattet.<br \/>\nSie d\u00fcrfen eine Kopie der Materialien oder Inhalte auf dieser Website auf einem einzelnen Computersystem f\u00fcr private, unternehmerische, aber nicht kommerzielle Zwecke anzeigen oder drucken, vorausgesetzt, dass alle Copyright-Hinweise ohne \u00c4nderung vollst\u00e4ndig intakt bleiben. Ein systematisches Herunterladen von Materialien dieser Website f\u00fcr Sammlungen, Archive, Verzeichnisse oder Datenbanken ist nicht gestattet.<\/p>\n<h3>\u00a73. Warenzeichen<\/h3>\n<p>Die Namen anderer Unternehmen oder Produkte, die auf dieser Website erw\u00e4hnt werden sind ggf. Warenzeichen ihrer jeweiligen Eigent\u00fcmer. Diese Warenzeichen d\u00fcrfen nicht in Verbindung mit Produkten oder Dienstleistungen verwendet werden, die nicht durch ihre jeweiligen Eigent\u00fcmer genehmigt sind.<\/p>\n<h3>\u00a74. Gew\u00e4hrleistung<\/h3>\n<p>Alle Materialien oder Informationen, die auf dieser Website zur Verf\u00fcgung gestellt werden, werden ohne Gew\u00e4hr auf Richtigkeit oder Vollst\u00e4ndigkeit zur Verf\u00fcgung gestellt.<br \/>\nDie Diakoniestation Schneverdingen\u00a0leistet keinen Schadensersatz in irgendeiner Form f\u00fcr die Benutzung oder die nicht bestehende M\u00f6glichkeit oder Unf\u00e4higkeit zur Nutzung der Website bzw. ihrer Inhalte oder Links.<br \/>\nDie Diakoniestation Schneverdingen\u00a0\u00fcbernimmt keine Verantwortung f\u00fcr technische Fehler oder Druckfehler.<br \/>\nDie Diakoniestation Schneverdingen\u00a0\u00fcbernimmt keine Verantwortung f\u00fcr Sch\u00e4den, die durch die von dieser Website oder dem Webserver verwendeten Software entstehen (einschlie\u00dflich Computerviren); ebenso \u00fcbernimmt die Diakoniestation Schneverdingen\u00a0keine Verantwortung f\u00fcr Sch\u00e4den, die durch unerlaubten Zugang zu dieser Website, dem Server oder der Datenverbindung entstehen.<br \/>\nDiese Website einschlie\u00dflich der Nutzungsbedingungen wird regelm\u00e4\u00dfig aktualisiert und kann unangek\u00fcndigte \u00c4nderungen enthalten. Die Diakoniestation Schneverdingen\u00a0\u00fcbernimmt keine Gew\u00e4hr f\u00fcr die k\u00fcnftige Verf\u00fcgbarkeit von Informationen, insbesondere nach Updates.<\/p>\n<\/div><\/section><\/div>\n<div class=\"flex_column av_one_half  flex_column_div av-zero-column-padding   avia-builder-el-10  el_after_av_one_half  avia-builder-el-last  column-top-margin\" style='border-radius:0px; '><section class=\"av_textblock_section \"  itemscope=\"itemscope\" itemtype=\"https:\/\/schema.org\/CreativeWork\" ><div class='avia_textblock  '   itemprop=\"text\" ><h3>\u00a75. Verf\u00fcgbarkeit und Angemessenheit<\/h3>\n<p>Die Diakoniestation Schneverdingen\u00a0\u00fcbernimmt keine Verantwortung daf\u00fcr, dass diese Website in bestimmten L\u00e4ndern oder Regionen zug\u00e4nglich ist oder daf\u00fcr, dass die hier zur Verf\u00fcgung gestellten Informationen oder Materialien mit dem Recht oder den guten Sitten in L\u00e4ndern au\u00dferhalb Deutschlands vereinbar sind. Sollten Sie Zugang von au\u00dferhalb Deutschlands haben, so tun Sie dies auf eigenes Risiko und sind in vollem Umfang selbst verantwortlich f\u00fcr die Einhaltung der geltenden Gesetze.<\/p>\n<h3>\u00a76. Links<\/h3>\n<p>Links zu Websites dritter Parteien werden als Zusatzdienstleistung zur Verf\u00fcgung gestellt. Die Diakoniestation Schneverdingen\u00a0stellt diese Links im guten Glauben ohne Gew\u00e4hrleistung in irgendeiner Form zur Verf\u00fcgung, da sich diese Seiten nicht unter dem Einflussbereich der Diakoniestation Schneverdingen befinden. Die Diakoniestation Schneverdingen\u00a0\u00fcbernimmt keine Verantwortung f\u00fcr Inhalt oder Verf\u00fcgbarkeit jener Seiten oder f\u00fcr die dort zur Verf\u00fcgung gestellten Links.<\/p>\n<h3>\u00a77. Datenschutz<\/h3>\n<p>Die Diakoniestation Schneverdingen\u00a0sammelt keine privaten Nutzerinformationen, soweit nicht ausdr\u00fccklich angegeben. In den Teilbereichen dieser Website, in denen Interaktion mit dem Nutzer angestrebt wird, mag es notwendig sein, bestimmte pers\u00f6nliche Informationen anzugeben. Durch die Angabe dieser Informationen erkl\u00e4ren Sie Ihre Zustimmung, dass die Diakoniestation Schneverdingen\u00a0die angegebenen Daten in den engen Grenzen des deutschen Datenschutzgesetzes verwenden darf. Ausf\u00fchrliche Informationen erhalten Sie in unserer\u00a0<a href=\"http:\/\/dst.graphixstudios.de\/datenschutzerklaerung-2\/\">Datenschutzerkl\u00e4rung<\/a>.<\/p>\n<h3>\u00a78. Abschlie\u00dfende Bestimmungen<\/h3>\n<p>Diese Nutzungsbedingungen ersetzen alle vorhergehenden \u00dcbereink\u00fcnfte. Es bestehen keine Nebenabreden zu diesen Nutzungsbedingungen.<\/p>\n<p>Die Unwirksamkeit einzelner Bestimmungen ber\u00fchrt nicht die G\u00fcltigkeit der \u00dcbrigen. Die Vertragsparteien vereinbaren, eine unwirksame durch eine in ihrem wirtschaftlichen Ergebnis gleichwertige Bestimmung zu ersetzen.<\/p>\n<\/div><\/section><\/div>\n","protected":false},"excerpt":{"rendered":"","protected":false},"author":7,"featured_media":256,"parent":0,"menu_order":0,"comment_status":"closed","ping_status":"closed","template":"","meta":[],"yoast_head":"<!-- This site is optimized with the Yoast SEO plugin v19.8 - https:\/\/yoast.com\/wordpress\/plugins\/seo\/ -->\n<title>Arbeiten als Pflegekraft in Schneverdingen | Stellenangebote | Pflege Jobs<\/title>\n<meta name=\"description\" content=\"Arbeiten bei uns in der Nordheide als Pflegefachkraft Altenpfleger Pflegeassistent Pflegehelfer Pflegekraft. Hast Du Interesse? WhatsApp: 0173\u20095181344\" \/>\n<meta name=\"robots\" content=\"index, follow, max-snippet:-1, max-image-preview:large, max-video-preview:-1\" \/>\n<link rel=\"canonical\" href=\"https:\/\/altenpfleger-heide.de\/index.php\/impressum\/\" \/>\n<meta property=\"og:locale\" content=\"de_DE\" \/>\n<meta property=\"og:type\" content=\"article\" \/>\n<meta property=\"og:title\" content=\"Arbeiten als Pflegekraft in Schneverdingen | Stellenangebote | Pflege Jobs\" \/>\n<meta property=\"og:description\" content=\"Arbeiten bei uns in der Nordheide als Pflegefachkraft Altenpfleger Pflegeassistent Pflegehelfer Pflegekraft. Hast Du Interesse? WhatsApp: 0173\u20095181344\" \/>\n<meta property=\"og:url\" content=\"https:\/\/altenpfleger-heide.de\/index.php\/impressum\/\" \/>\n<meta property=\"og:site_name\" content=\"Altenpfleger in der Heide\" \/>\n<meta property=\"article:modified_time\" content=\"2020-02-25T16:22:58+00:00\" \/>\n<meta property=\"og:image\" content=\"https:\/\/altenpfleger-heide.de\/wp-content\/uploads\/2020\/02\/Fotolia_243447472_Subscription_Monthly_XXL_ansatzbreite-verlauf_1800.jpg\" \/>\n\t<meta property=\"og:image:width\" content=\"1800\" \/>\n\t<meta property=\"og:image:height\" content=\"689\" \/>\n\t<meta property=\"og:image:type\" content=\"image\/jpeg\" \/>\n<meta name=\"twitter:card\" content=\"summary_large_image\" \/>\n<meta name=\"twitter:label1\" content=\"Gesch\u00e4tzte Lesezeit\" \/>\n\t<meta name=\"twitter:data1\" content=\"7 Minuten\" \/>\n<script type=\"application\/ld+json\" class=\"yoast-schema-graph\">{\"@context\":\"https:\/\/schema.org\",\"@graph\":[{\"@type\":\"WebPage\",\"@id\":\"https:\/\/altenpfleger-heide.de\/index.php\/impressum\/\",\"url\":\"https:\/\/altenpfleger-heide.de\/index.php\/impressum\/\",\"name\":\"Arbeiten als Pflegekraft in Schneverdingen | Stellenangebote | Pflege Jobs\",\"isPartOf\":{\"@id\":\"https:\/\/altenpfleger-heide.de\/#website\"},\"datePublished\":\"2019-08-21T16:15:15+00:00\",\"dateModified\":\"2020-02-25T16:22:58+00:00\",\"description\":\"Arbeiten bei uns in der Nordheide als Pflegefachkraft Altenpfleger Pflegeassistent Pflegehelfer Pflegekraft. Hast Du Interesse? WhatsApp: 0173\u20095181344\",\"breadcrumb\":{\"@id\":\"https:\/\/altenpfleger-heide.de\/index.php\/impressum\/#breadcrumb\"},\"inLanguage\":\"de-DE\",\"potentialAction\":[{\"@type\":\"ReadAction\",\"target\":[\"https:\/\/altenpfleger-heide.de\/index.php\/impressum\/\"]}]},{\"@type\":\"BreadcrumbList\",\"@id\":\"https:\/\/altenpfleger-heide.de\/index.php\/impressum\/#breadcrumb\",\"itemListElement\":[{\"@type\":\"ListItem\",\"position\":1,\"name\":\"Startseite\",\"item\":\"https:\/\/altenpfleger-heide.de\/index.php\/home\/\"},{\"@type\":\"ListItem\",\"position\":2,\"name\":\"Impressum\"}]},{\"@type\":\"WebSite\",\"@id\":\"https:\/\/altenpfleger-heide.de\/#website\",\"url\":\"https:\/\/altenpfleger-heide.de\/\",\"name\":\"Altenpfleger in der Heide\",\"description\":\"\",\"potentialAction\":[{\"@type\":\"SearchAction\",\"target\":{\"@type\":\"EntryPoint\",\"urlTemplate\":\"https:\/\/altenpfleger-heide.de\/?s={search_term_string}\"},\"query-input\":\"required name=search_term_string\"}],\"inLanguage\":\"de-DE\"}]}<\/script>\n<!-- \/ Yoast SEO plugin. -->","yoast_head_json":{"title":"Arbeiten als Pflegekraft in Schneverdingen | Stellenangebote | Pflege Jobs","description":"Arbeiten bei uns in der Nordheide als Pflegefachkraft Altenpfleger Pflegeassistent Pflegehelfer Pflegekraft. Hast Du Interesse? WhatsApp: 0173\u20095181344","robots":{"index":"index","follow":"follow","max-snippet":"max-snippet:-1","max-image-preview":"max-image-preview:large","max-video-preview":"max-video-preview:-1"},"canonical":"https:\/\/altenpfleger-heide.de\/index.php\/impressum\/","og_locale":"de_DE","og_type":"article","og_title":"Arbeiten als Pflegekraft in Schneverdingen | Stellenangebote | Pflege Jobs","og_description":"Arbeiten bei uns in der Nordheide als Pflegefachkraft Altenpfleger Pflegeassistent Pflegehelfer Pflegekraft. Hast Du Interesse? WhatsApp: 0173\u20095181344","og_url":"https:\/\/altenpfleger-heide.de\/index.php\/impressum\/","og_site_name":"Altenpfleger in der Heide","article_modified_time":"2020-02-25T16:22:58+00:00","og_image":[{"width":1800,"height":689,"url":"https:\/\/altenpfleger-heide.de\/wp-content\/uploads\/2020\/02\/Fotolia_243447472_Subscription_Monthly_XXL_ansatzbreite-verlauf_1800.jpg","type":"image\/jpeg"}],"twitter_card":"summary_large_image","twitter_misc":{"Gesch\u00e4tzte Lesezeit":"7 Minuten"},"schema":{"@context":"https:\/\/schema.org","@graph":[{"@type":"WebPage","@id":"https:\/\/altenpfleger-heide.de\/index.php\/impressum\/","url":"https:\/\/altenpfleger-heide.de\/index.php\/impressum\/","name":"Arbeiten als Pflegekraft in Schneverdingen | Stellenangebote | Pflege Jobs","isPartOf":{"@id":"https:\/\/altenpfleger-heide.de\/#website"},"datePublished":"2019-08-21T16:15:15+00:00","dateModified":"2020-02-25T16:22:58+00:00","description":"Arbeiten bei uns in der Nordheide als Pflegefachkraft Altenpfleger Pflegeassistent Pflegehelfer Pflegekraft. Hast Du Interesse? WhatsApp: 0173\u20095181344","breadcrumb":{"@id":"https:\/\/altenpfleger-heide.de\/index.php\/impressum\/#breadcrumb"},"inLanguage":"de-DE","potentialAction":[{"@type":"ReadAction","target":["https:\/\/altenpfleger-heide.de\/index.php\/impressum\/"]}]},{"@type":"BreadcrumbList","@id":"https:\/\/altenpfleger-heide.de\/index.php\/impressum\/#breadcrumb","itemListElement":[{"@type":"ListItem","position":1,"name":"Startseite","item":"https:\/\/altenpfleger-heide.de\/index.php\/home\/"},{"@type":"ListItem","position":2,"name":"Impressum"}]},{"@type":"WebSite","@id":"https:\/\/altenpfleger-heide.de\/#website","url":"https:\/\/altenpfleger-heide.de\/","name":"Altenpfleger in der Heide","description":"","potentialAction":[{"@type":"SearchAction","target":{"@type":"EntryPoint","urlTemplate":"https:\/\/altenpfleger-heide.de\/?s={search_term_string}"},"query-input":"required name=search_term_string"}],"inLanguage":"de-DE"}]}},"_links":{"self":[{"href":"https:\/\/altenpfleger-heide.de\/index.php\/wp-json\/wp\/v2\/pages\/116"}],"collection":[{"href":"https:\/\/altenpfleger-heide.de\/index.php\/wp-json\/wp\/v2\/pages"}],"about":[{"href":"https:\/\/altenpfleger-heide.de\/index.php\/wp-json\/wp\/v2\/types\/page"}],"author":[{"embeddable":true,"href":"https:\/\/altenpfleger-heide.de\/index.php\/wp-json\/wp\/v2\/users\/7"}],"replies":[{"embeddable":true,"href":"https:\/\/altenpfleger-heide.de\/index.php\/wp-json\/wp\/v2\/comments?post=116"}],"version-history":[{"count":6,"href":"https:\/\/altenpfleger-heide.de\/index.php\/wp-json\/wp\/v2\/pages\/116\/revisions"}],"predecessor-version":[{"id":740,"href":"https:\/\/altenpfleger-heide.de\/index.php\/wp-json\/wp\/v2\/pages\/116\/revisions\/740"}],"wp:featuredmedia":[{"embeddable":true,"href":"https:\/\/altenpfleger-heide.de\/index.php\/wp-json\/wp\/v2\/media\/256"}],"wp:attachment":[{"href":"https:\/\/altenpfleger-heide.de\/index.php\/wp-json\/wp\/v2\/media?parent=116"}],"curies":[{"name":"wp","href":"https:\/\/api.w.org\/{rel}","templated":true}]}}